{"id":167,"date":"2021-12-30T16:21:33","date_gmt":"2021-12-30T15:21:33","guid":{"rendered":"https:\/\/cmart.lu\/?page_id=167"},"modified":"2022-12-29T16:58:43","modified_gmt":"2022-12-29T15:58:43","slug":"atelier","status":"publish","type":"page","link":"https:\/\/cmart.lu\/index.php\/atelier\/","title":{"rendered":"Atelier"},"content":{"rendered":"\t\t<div data-elementor-type=\"wp-page\" data-elementor-id=\"167\" class=\"elementor elementor-167\">\n\t\t\t\t\t\t<section class=\"elementor-section elementor-top-section elementor-element elementor-element-ebbe11e elementor-section-boxed elementor-section-height-default elementor-section-height-default\" data-id=\"ebbe11e\" data-element_type=\"section\">\n\t\t\t\t\t\t<div class=\"elementor-container elementor-column-gap-default\">\n\t\t\t\t\t<div class=\"elementor-column elementor-col-100 elementor-top-column elementor-element elementor-element-adaa284\" data-id=\"adaa284\" data-element_type=\"column\">\n\t\t\t<div class=\"elementor-widget-wrap elementor-element-populated\">\n\t\t\t\t\t\t<div class=\"elementor-element elementor-element-a3aedf7 elementor-widget elementor-widget-heading\" data-id=\"a3aedf7\" data-element_type=\"widget\" data-widget_type=\"heading.default\">\n\t\t\t\t<div class=\"elementor-widget-container\">\n\t\t\t\t\t<h2 class=\"elementor-heading-title elementor-size-default\">L' Atelier <\/h2>\t\t\t\t<\/div>\n\t\t\t\t<\/div>\n\t\t\t\t<section class=\"elementor-section elementor-inner-section elementor-element elementor-element-caaa1f2 elementor-section-boxed elementor-section-height-default elementor-section-height-default\" data-id=\"caaa1f2\" data-element_type=\"section\">\n\t\t\t\t\t\t<div class=\"elementor-container elementor-column-gap-default\">\n\t\t\t\t\t<div class=\"elementor-column elementor-col-50 elementor-inner-column elementor-element elementor-element-5f773cc\" data-id=\"5f773cc\" data-element_type=\"column\">\n\t\t\t<div class=\"elementor-widget-wrap elementor-element-populated\">\n\t\t\t\t\t\t<div class=\"elementor-element elementor-element-00ea816 elementor-widget elementor-widget-text-editor\" data-id=\"00ea816\" data-element_type=\"widget\" data-widget_type=\"text-editor.default\">\n\t\t\t\t<div class=\"elementor-widget-container\">\n\t\t\t\t\t\t\t\t\t<p><span style=\"font-size: 14px; color: var( --e-global-color-text );\">Atelier de restauration CM-Art f<\/span><span style=\"font-family: Lato, sans-serif; font-size: 14px; font-style: normal; font-variant-ligatures: normal; font-variant-caps: normal; font-weight: 400; color: var( --e-global-color-text );\">ond\u00e9 en 2021 <\/span><\/p>\n<p>par Claire Merenz, restauratrice dipl\u00f4m\u00e9e de<br><span style=\"font-size: 14px; color: var( --e-global-color-text );\">&nbsp;l&#8217;E.N.S.A.V. La Cambre \u00e0 Bruxelles<\/span><\/p>\t\t\t\t\t\t\t\t<\/div>\n\t\t\t\t<\/div>\n\t\t\t\t<div class=\"elementor-element elementor-element-fed1a9a elementor-widget elementor-widget-text-editor\" data-id=\"fed1a9a\" data-element_type=\"widget\" data-widget_type=\"text-editor.default\">\n\t\t\t\t<div class=\"elementor-widget-container\">\n\t\t\t\t\t\t\t\t\t<p><span style=\"color: var( --e-global-color-text ); font-size: 14px;\"><br>Sp\u00e9cialis\u00e9e dans la restauration de tableaux<br><br><\/span><\/p>\t\t\t\t\t\t\t\t<\/div>\n\t\t\t\t<\/div>\n\t\t\t\t<div class=\"elementor-element elementor-element-f22a374 elementor-widget elementor-widget-text-editor\" data-id=\"f22a374\" data-element_type=\"widget\" data-widget_type=\"text-editor.default\">\n\t\t\t\t<div class=\"elementor-widget-container\">\n\t\t\t\t\t\t\t\t\t<p>M\u00e9moire de fin d&#8217;\u00e9tude de Master sur le vernissage des peintures anciennes&nbsp;<\/p>\t\t\t\t\t\t\t\t<\/div>\n\t\t\t\t<\/div>\n\t\t\t\t\t<\/div>\n\t\t<\/div>\n\t\t\t\t<div class=\"elementor-column elementor-col-50 elementor-inner-column elementor-element elementor-element-c8c2aeb\" data-id=\"c8c2aeb\" data-element_type=\"column\">\n\t\t\t<div class=\"elementor-widget-wrap elementor-element-populated\">\n\t\t\t\t\t\t<div class=\"elementor-element elementor-element-62f0309 elementor-widget elementor-widget-image\" data-id=\"62f0309\" data-element_type=\"widget\" data-widget_type=\"image.default\">\n\t\t\t\t<div class=\"elementor-widget-container\">\n\t\t\t\t\t\t\t\t\t\t\t\t\t\t\t<img fetchpriority=\"high\" decoding=\"async\" width=\"683\" height=\"1024\" src=\"https:\/\/cmart.lu\/wp-content\/uploads\/2022\/12\/A7R01025-Edit-683x1024.jpg\" class=\"attachment-large size-large wp-image-341\" alt=\"\" srcset=\"https:\/\/cmart.lu\/wp-content\/uploads\/2022\/12\/A7R01025-Edit-683x1024.jpg 683w, https:\/\/cmart.lu\/wp-content\/uploads\/2022\/12\/A7R01025-Edit-200x300.jpg 200w, https:\/\/cmart.lu\/wp-content\/uploads\/2022\/12\/A7R01025-Edit-768x1151.jpg 768w, https:\/\/cmart.lu\/wp-content\/uploads\/2022\/12\/A7R01025-Edit-1025x1536.jpg 1025w, https:\/\/cmart.lu\/wp-content\/uploads\/2022\/12\/A7R01025-Edit.jpg 1366w\" sizes=\"(max-width: 683px) 100vw, 683px\" \/>\t\t\t\t\t\t\t\t\t\t\t\t\t\t\t<\/div>\n\t\t\t\t<\/div>\n\t\t\t\t\t<\/div>\n\t\t<\/div>\n\t\t\t\t\t<\/div>\n\t\t<\/section>\n\t\t\t\t<section class=\"elementor-section elementor-inner-section elementor-element elementor-element-7f54d73 elementor-section-boxed elementor-section-height-default elementor-section-height-default\" data-id=\"7f54d73\" data-element_type=\"section\">\n\t\t\t\t\t\t<div class=\"elementor-container elementor-column-gap-default\">\n\t\t\t\t\t<div class=\"elementor-column elementor-col-50 elementor-inner-column elementor-element elementor-element-8e22f20\" data-id=\"8e22f20\" data-element_type=\"column\">\n\t\t\t<div class=\"elementor-widget-wrap elementor-element-populated\">\n\t\t\t\t\t\t<div class=\"elementor-element elementor-element-4ab42a6 elementor-widget elementor-widget-image\" data-id=\"4ab42a6\" data-element_type=\"widget\" data-widget_type=\"image.default\">\n\t\t\t\t<div class=\"elementor-widget-container\">\n\t\t\t\t\t\t\t\t\t\t\t\t\t\t\t<img decoding=\"async\" width=\"1024\" height=\"399\" src=\"https:\/\/cmart.lu\/wp-content\/uploads\/2022\/12\/A7R00818-1-1024x399.jpg\" class=\"attachment-large size-large wp-image-344\" alt=\"\" srcset=\"https:\/\/cmart.lu\/wp-content\/uploads\/2022\/12\/A7R00818-1-1024x399.jpg 1024w, https:\/\/cmart.lu\/wp-content\/uploads\/2022\/12\/A7R00818-1-300x117.jpg 300w, https:\/\/cmart.lu\/wp-content\/uploads\/2022\/12\/A7R00818-1-768x299.jpg 768w, https:\/\/cmart.lu\/wp-content\/uploads\/2022\/12\/A7R00818-1-1536x598.jpg 1536w, https:\/\/cmart.lu\/wp-content\/uploads\/2022\/12\/A7R00818-1.jpg 2048w\" sizes=\"(max-width: 1024px) 100vw, 1024px\" \/>\t\t\t\t\t\t\t\t\t\t\t\t\t\t\t<\/div>\n\t\t\t\t<\/div>\n\t\t\t\t\t<\/div>\n\t\t<\/div>\n\t\t\t\t<div class=\"elementor-column elementor-col-50 elementor-inner-column elementor-element elementor-element-a451df7\" data-id=\"a451df7\" data-element_type=\"column\">\n\t\t\t<div class=\"elementor-widget-wrap elementor-element-populated\">\n\t\t\t\t\t\t\t<\/div>\n\t\t<\/div>\n\t\t\t\t\t<\/div>\n\t\t<\/section>\n\t\t\t\t\t<\/div>\n\t\t<\/div>\n\t\t\t\t\t<\/div>\n\t\t<\/section>\n\t\t\t\t<\/div>\n\t\t","protected":false},"excerpt":{"rendered":"<p>L&#8217; Atelier Atelier de restauration CM-Art fond\u00e9 en 2021 par Claire Merenz, restauratrice dipl\u00f4m\u00e9e de&nbsp;l&#8217;E.N.S.A.V. La Cambre \u00e0 Bruxelles Sp\u00e9cialis\u00e9e dans la restauration de tableaux M\u00e9moire de fin d&#8217;\u00e9tude de Master sur le vernissage des peintures anciennes&nbsp;<\/p>\n","protected":false},"author":2,"featured_media":0,"parent":0,"menu_order":0,"comment_status":"closed","ping_status":"closed","template":"","meta":{"footnotes":""},"class_list":["post-167","page","type-page","status-publish","hentry","entry"],"yoast_head":"<!-- This site is optimized with the Yoast SEO plugin v25.3.1 - https:\/\/yoast.com\/wordpress\/plugins\/seo\/ -->\n<title>Atelier - CM-Art Restauration de tableaux<\/title>\n<meta name=\"robots\" content=\"index, follow, max-snippet:-1, max-image-preview:large, max-video-preview:-1\" \/>\n<link rel=\"canonical\" href=\"https:\/\/cmart.lu\/index.php\/atelier\/\" \/>\n<meta property=\"og:locale\" content=\"en_US\" \/>\n<meta property=\"og:type\" content=\"article\" \/>\n<meta property=\"og:title\" content=\"Atelier - CM-Art Restauration de tableaux\" \/>\n<meta property=\"og:description\" content=\"L&#8217; Atelier Atelier de restauration CM-Art fond\u00e9 en 2021 par Claire Merenz, restauratrice dipl\u00f4m\u00e9e de&nbsp;l&#8217;E.N.S.A.V. La Cambre \u00e0 Bruxelles Sp\u00e9cialis\u00e9e dans la restauration de tableaux M\u00e9moire de fin d&#8217;\u00e9tude de Master sur le vernissage des peintures anciennes&nbsp;\" \/>\n<meta property=\"og:url\" content=\"https:\/\/cmart.lu\/index.php\/atelier\/\" \/>\n<meta property=\"og:site_name\" content=\"CM-Art Restauration de tableaux\" \/>\n<meta property=\"article:modified_time\" content=\"2022-12-29T15:58:43+00:00\" \/>\n<meta property=\"og:image\" content=\"https:\/\/cmart.lu\/wp-content\/uploads\/2022\/12\/A7R01025-Edit-683x1024.jpg\" \/>\n<meta name=\"twitter:card\" content=\"summary_large_image\" \/>\n<meta name=\"twitter:label1\" content=\"Est. reading time\" \/>\n\t<meta name=\"twitter:data1\" content=\"1 minute\" \/>\n<script type=\"application\/ld+json\" class=\"yoast-schema-graph\">{\"@context\":\"https:\/\/schema.org\",\"@graph\":[{\"@type\":\"WebPage\",\"@id\":\"https:\/\/cmart.lu\/index.php\/atelier\/\",\"url\":\"https:\/\/cmart.lu\/index.php\/atelier\/\",\"name\":\"Atelier - CM-Art Restauration de tableaux\",\"isPartOf\":{\"@id\":\"https:\/\/cmart.lu\/#website\"},\"primaryImageOfPage\":{\"@id\":\"https:\/\/cmart.lu\/index.php\/atelier\/#primaryimage\"},\"image\":{\"@id\":\"https:\/\/cmart.lu\/index.php\/atelier\/#primaryimage\"},\"thumbnailUrl\":\"https:\/\/cmart.lu\/wp-content\/uploads\/2022\/12\/A7R01025-Edit-683x1024.jpg\",\"datePublished\":\"2021-12-30T15:21:33+00:00\",\"dateModified\":\"2022-12-29T15:58:43+00:00\",\"breadcrumb\":{\"@id\":\"https:\/\/cmart.lu\/index.php\/atelier\/#breadcrumb\"},\"inLanguage\":\"en-US\",\"potentialAction\":[{\"@type\":\"ReadAction\",\"target\":[\"https:\/\/cmart.lu\/index.php\/atelier\/\"]}]},{\"@type\":\"ImageObject\",\"inLanguage\":\"en-US\",\"@id\":\"https:\/\/cmart.lu\/index.php\/atelier\/#primaryimage\",\"url\":\"https:\/\/cmart.lu\/wp-content\/uploads\/2022\/12\/A7R01025-Edit.jpg\",\"contentUrl\":\"https:\/\/cmart.lu\/wp-content\/uploads\/2022\/12\/A7R01025-Edit.jpg\",\"width\":1366,\"height\":2048},{\"@type\":\"BreadcrumbList\",\"@id\":\"https:\/\/cmart.lu\/index.php\/atelier\/#breadcrumb\",\"itemListElement\":[{\"@type\":\"ListItem\",\"position\":1,\"name\":\"Home\",\"item\":\"https:\/\/cmart.lu\/\"},{\"@type\":\"ListItem\",\"position\":2,\"name\":\"Atelier\"}]},{\"@type\":\"WebSite\",\"@id\":\"https:\/\/cmart.lu\/#website\",\"url\":\"https:\/\/cmart.lu\/\",\"name\":\"CM-Art Restauration de tableaux\",\"description\":\"Restauration de tableaux\",\"publisher\":{\"@id\":\"https:\/\/cmart.lu\/#organization\"},\"potentialAction\":[{\"@type\":\"SearchAction\",\"target\":{\"@type\":\"EntryPoint\",\"urlTemplate\":\"https:\/\/cmart.lu\/?s={search_term_string}\"},\"query-input\":{\"@type\":\"PropertyValueSpecification\",\"valueRequired\":true,\"valueName\":\"search_term_string\"}}],\"inLanguage\":\"en-US\"},{\"@type\":\"Organization\",\"@id\":\"https:\/\/cmart.lu\/#organization\",\"name\":\"CM-Art Restauration de tableaux\",\"url\":\"https:\/\/cmart.lu\/\",\"logo\":{\"@type\":\"ImageObject\",\"inLanguage\":\"en-US\",\"@id\":\"https:\/\/cmart.lu\/#\/schema\/logo\/image\/\",\"url\":\"https:\/\/cmart.lu\/wp-content\/uploads\/2021\/08\/cropped-cropped-Logo-final-White.png\",\"contentUrl\":\"https:\/\/cmart.lu\/wp-content\/uploads\/2021\/08\/cropped-cropped-Logo-final-White.png\",\"width\":1926,\"height\":1926,\"caption\":\"CM-Art Restauration de tableaux\"},\"image\":{\"@id\":\"https:\/\/cmart.lu\/#\/schema\/logo\/image\/\"}}]}<\/script>\n<!-- \/ Yoast SEO plugin. -->","yoast_head_json":{"title":"Atelier - CM-Art Restauration de tableaux","robots":{"index":"index","follow":"follow","max-snippet":"max-snippet:-1","max-image-preview":"max-image-preview:large","max-video-preview":"max-video-preview:-1"},"canonical":"https:\/\/cmart.lu\/index.php\/atelier\/","og_locale":"en_US","og_type":"article","og_title":"Atelier - CM-Art Restauration de tableaux","og_description":"L&#8217; Atelier Atelier de restauration CM-Art fond\u00e9 en 2021 par Claire Merenz, restauratrice dipl\u00f4m\u00e9e de&nbsp;l&#8217;E.N.S.A.V. La Cambre \u00e0 Bruxelles Sp\u00e9cialis\u00e9e dans la restauration de tableaux M\u00e9moire de fin d&#8217;\u00e9tude de Master sur le vernissage des peintures anciennes&nbsp;","og_url":"https:\/\/cmart.lu\/index.php\/atelier\/","og_site_name":"CM-Art Restauration de tableaux","article_modified_time":"2022-12-29T15:58:43+00:00","og_image":[{"url":"https:\/\/cmart.lu\/wp-content\/uploads\/2022\/12\/A7R01025-Edit-683x1024.jpg","type":"","width":"","height":""}],"twitter_card":"summary_large_image","twitter_misc":{"Est. reading time":"1 minute"},"schema":{"@context":"https:\/\/schema.org","@graph":[{"@type":"WebPage","@id":"https:\/\/cmart.lu\/index.php\/atelier\/","url":"https:\/\/cmart.lu\/index.php\/atelier\/","name":"Atelier - CM-Art Restauration de tableaux","isPartOf":{"@id":"https:\/\/cmart.lu\/#website"},"primaryImageOfPage":{"@id":"https:\/\/cmart.lu\/index.php\/atelier\/#primaryimage"},"image":{"@id":"https:\/\/cmart.lu\/index.php\/atelier\/#primaryimage"},"thumbnailUrl":"https:\/\/cmart.lu\/wp-content\/uploads\/2022\/12\/A7R01025-Edit-683x1024.jpg","datePublished":"2021-12-30T15:21:33+00:00","dateModified":"2022-12-29T15:58:43+00:00","breadcrumb":{"@id":"https:\/\/cmart.lu\/index.php\/atelier\/#breadcrumb"},"inLanguage":"en-US","potentialAction":[{"@type":"ReadAction","target":["https:\/\/cmart.lu\/index.php\/atelier\/"]}]},{"@type":"ImageObject","inLanguage":"en-US","@id":"https:\/\/cmart.lu\/index.php\/atelier\/#primaryimage","url":"https:\/\/cmart.lu\/wp-content\/uploads\/2022\/12\/A7R01025-Edit.jpg","contentUrl":"https:\/\/cmart.lu\/wp-content\/uploads\/2022\/12\/A7R01025-Edit.jpg","width":1366,"height":2048},{"@type":"BreadcrumbList","@id":"https:\/\/cmart.lu\/index.php\/atelier\/#breadcrumb","itemListElement":[{"@type":"ListItem","position":1,"name":"Home","item":"https:\/\/cmart.lu\/"},{"@type":"ListItem","position":2,"name":"Atelier"}]},{"@type":"WebSite","@id":"https:\/\/cmart.lu\/#website","url":"https:\/\/cmart.lu\/","name":"CM-Art Restauration de tableaux","description":"Restauration de tableaux","publisher":{"@id":"https:\/\/cmart.lu\/#organization"},"potentialAction":[{"@type":"SearchAction","target":{"@type":"EntryPoint","urlTemplate":"https:\/\/cmart.lu\/?s={search_term_string}"},"query-input":{"@type":"PropertyValueSpecification","valueRequired":true,"valueName":"search_term_string"}}],"inLanguage":"en-US"},{"@type":"Organization","@id":"https:\/\/cmart.lu\/#organization","name":"CM-Art Restauration de tableaux","url":"https:\/\/cmart.lu\/","logo":{"@type":"ImageObject","inLanguage":"en-US","@id":"https:\/\/cmart.lu\/#\/schema\/logo\/image\/","url":"https:\/\/cmart.lu\/wp-content\/uploads\/2021\/08\/cropped-cropped-Logo-final-White.png","contentUrl":"https:\/\/cmart.lu\/wp-content\/uploads\/2021\/08\/cropped-cropped-Logo-final-White.png","width":1926,"height":1926,"caption":"CM-Art Restauration de tableaux"},"image":{"@id":"https:\/\/cmart.lu\/#\/schema\/logo\/image\/"}}]}},"_links":{"self":[{"href":"https:\/\/cmart.lu\/index.php\/wp-json\/wp\/v2\/pages\/167","targetHints":{"allow":["GET"]}}],"collection":[{"href":"https:\/\/cmart.lu\/index.php\/wp-json\/wp\/v2\/pages"}],"about":[{"href":"https:\/\/cmart.lu\/index.php\/wp-json\/wp\/v2\/types\/page"}],"author":[{"embeddable":true,"href":"https:\/\/cmart.lu\/index.php\/wp-json\/wp\/v2\/users\/2"}],"replies":[{"embeddable":true,"href":"https:\/\/cmart.lu\/index.php\/wp-json\/wp\/v2\/comments?post=167"}],"version-history":[{"count":10,"href":"https:\/\/cmart.lu\/index.php\/wp-json\/wp\/v2\/pages\/167\/revisions"}],"predecessor-version":[{"id":367,"href":"https:\/\/cmart.lu\/index.php\/wp-json\/wp\/v2\/pages\/167\/revisions\/367"}],"wp:attachment":[{"href":"https:\/\/cmart.lu\/index.php\/wp-json\/wp\/v2\/media?parent=167"}],"curies":[{"name":"wp","href":"https:\/\/api.w.org\/{rel}","templated":true}]}}